{"id":22,"date":"2024-02-09T09:29:28","date_gmt":"2024-02-09T08:29:28","guid":{"rendered":"https:\/\/construseovi.es\/?page_id=22"},"modified":"2024-02-19T09:38:27","modified_gmt":"2024-02-19T08:38:27","slug":"servicios","status":"publish","type":"page","link":"https:\/\/construseovi.es\/index.php\/servicios\/","title":{"rendered":"Servicios"},"content":{"rendered":"\n<div class=\"wp-block-columns is-layout-flex wp-container-core-columns-is-layout-9d6595d7 wp-block-columns-is-layout-flex\">\n<div class=\"wp-block-column is-layout-flow wp-block-column-is-layout-flow\">\n<figure class=\"wp-block-image size-full\"><img loading=\"lazy\" decoding=\"async\" width=\"626\" height=\"417\" src=\"https:\/\/construseovi.es\/wp-content\/uploads\/2024\/02\/serviciosConstruccion.jpg\" alt=\"\" class=\"wp-image-186\"\/><\/figure>\n<\/div>\n\n\n\n<div class=\"wp-block-column is-vertically-aligned-center is-layout-flow wp-block-column-is-layout-flow\">\n<p class=\"has-text-align-center\"><strong>Construcci\u00f3n de viviendas<\/strong><\/p>\n\n\n\n<p><p style=\"text-align:justify\">En nuestra empresa, nos apasiona convertir tus sue\u00f1os en hogares tangibles. Ofrecemos servicios integrales de construcci\u00f3n de viviendas, desde la planificaci\u00f3n inicial hasta la entrega llave en mano. Con un enfoque en la calidad y atenci\u00f3n a los detalles, nos esforzamos por superar tus expectativas en cada proyecto. Nuestro equipo de expertos se dedidan a crear espacios duraderos y personalizados que reflejen tu visi\u00f3n \u00fanica.<\/p><\/p>\n<\/div>\n<\/div>\n\n\n\n<div class=\"wp-block-columns are-vertically-aligned-center is-layout-flex wp-container-core-columns-is-layout-9d6595d7 wp-block-columns-is-layout-flex\">\n<div class=\"wp-block-column is-vertically-aligned-center is-layout-flow wp-block-column-is-layout-flow\">\n<figure class=\"wp-block-image size-full\"><img loading=\"lazy\" decoding=\"async\" width=\"1000\" height=\"667\" src=\"https:\/\/construseovi.es\/wp-content\/uploads\/2024\/02\/serviciosreformas.jpg\" alt=\"\" class=\"wp-image-188\"\/><\/figure>\n<\/div>\n\n\n\n<div class=\"wp-block-column is-vertically-aligned-center is-layout-flow wp-block-column-is-layout-flow\">\n<p class=\"has-text-align-center\"><strong>Reformas<\/strong><\/p>\n\n\n\n<p><p style=\"text-align:justify\">Transforma tu hogar con nuestro servicio de reformas, donde la excelencia en el dise\u00f1o y la ejecuci\u00f3n se encuentran. Desde la modernizaci\u00f3n de cocinas y ba\u00f1os hasta la renovaci\u00f3n completa de espacios, nuestro equipo de profesionales est\u00e1 comprometido con la entrega de proyectos que no solo cumplen, sino que superan tus deseos. Descubre c\u00f3mo podemos hacer realidad tus ideas de renovaci\u00f3n con estilo y funcionalidad. <\/p><\/p>\n<\/div>\n<\/div>\n\n\n\n<div class=\"wp-block-columns are-vertically-aligned-center is-layout-flex wp-container-core-columns-is-layout-9d6595d7 wp-block-columns-is-layout-flex\">\n<div class=\"wp-block-column is-vertically-aligned-center is-layout-flow wp-block-column-is-layout-flow\">\n<figure class=\"wp-block-image size-full\"><img loading=\"lazy\" decoding=\"async\" width=\"760\" height=\"501\" src=\"https:\/\/construseovi.es\/wp-content\/uploads\/2024\/02\/serviciosremodelaciones.jpg\" alt=\"\" class=\"wp-image-190\"\/><\/figure>\n<\/div>\n\n\n\n<div class=\"wp-block-column is-vertically-aligned-center is-layout-flow wp-block-column-is-layout-flow\">\n<p class=\"has-text-align-center\"><strong>Remodelaciones<\/strong><\/p>\n\n\n\n<p><p style=\"text-align:justify\">Nuestra dedicaci\u00f3n a las remodelaciones personalizadas te ofrece la oportunidad de redescubrir tu hogar. Nos especializamos en transformar espacios existentes, mejorando la est\u00e9tica y la utilidad. Desde la conceptualizaci\u00f3n hasta la ejecuci\u00f3n, cada proyecto se aborda con precisi\u00f3n y creatividad para lograr resultados que reflejen tu estilo y necesidades \u00fanicas.<\/p><\/p>\n<\/div>\n<\/div>\n\n\n\n<div class=\"wp-block-columns are-vertically-aligned-center is-layout-flex wp-container-core-columns-is-layout-9d6595d7 wp-block-columns-is-layout-flex\">\n<div class=\"wp-block-column is-vertically-aligned-center is-layout-flow wp-block-column-is-layout-flow\">\n<figure class=\"wp-block-image size-full\"><img loading=\"lazy\" decoding=\"async\" width=\"750\" height=\"501\" src=\"https:\/\/construseovi.es\/wp-content\/uploads\/2024\/02\/serviciosreparaciones-1.jpg\" alt=\"\" class=\"wp-image-197\" style=\"object-fit:cover\"\/><\/figure>\n<\/div>\n\n\n\n<div class=\"wp-block-column is-vertically-aligned-center is-layout-flow wp-block-column-is-layout-flow\">\n<p class=\"has-text-align-center\"><strong>Reparaciones<\/strong><\/p>\n\n\n\n<p><p style=\"text-align:justify\">Enfrenta cualquier problema con la confianza de saber que nuestro equipo de expertos est\u00e1 aqu\u00ed para solucionarlo. Desde reparaciones menores hasta problemas m\u00e1s complejos, abordamos cada tarea con eficiencia y habilidad. Nos dedicamos a devolver la funcionalidad a tu hogar de manera r\u00e1pida y confiable, garantizando que cada detalle est\u00e9 cuidadosamente manejando.<\/p><\/p>\n<\/div>\n<\/div>\n\n\n\n<div class=\"wp-block-columns are-vertically-aligned-center is-layout-flex wp-container-core-columns-is-layout-9d6595d7 wp-block-columns-is-layout-flex\">\n<div class=\"wp-block-column is-vertically-aligned-center is-layout-flow wp-block-column-is-layout-flow\">\n<figure class=\"wp-block-image size-full\"><img loading=\"lazy\" decoding=\"async\" width=\"1200\" height=\"600\" src=\"https:\/\/construseovi.es\/wp-content\/uploads\/2024\/02\/serviciosrenovaciones.jpg\" alt=\"\" class=\"wp-image-199\"\/><\/figure>\n<\/div>\n\n\n\n<div class=\"wp-block-column is-vertically-aligned-center is-layout-flow wp-block-column-is-layout-flow\">\n<p class=\"has-text-align-center\"><strong>Renovaciones<\/strong><\/p>\n\n\n\n<p><p style=\"text-align:justify\">Despierta la vida en tu hogar con nuestra renovaciones creativas y pr\u00e1cticas. Ya sea una actualizaci\u00f3n est\u00e9tica, mejoras energ\u00e9ticas o cambios estructurales, nuestro enfoque integral abarca todas las \u00e1reas. Trabajamos estrechamente contigo para comprender tus objetivos y crear soluciones que transformen tu espacio de manera significativa, ofreciendo un hogar que refleje tu estilo de vida y personalidad.<\/p><\/p>\n<\/div>\n<\/div>\n","protected":false},"excerpt":{"rendered":"<p>Construcci\u00f3n de viviendas En nuestra empresa, nos apasiona convertir tus sue\u00f1os en hogares tangibles. Ofrecemos servicios integrales de construcci\u00f3n de viviendas, desde la planificaci\u00f3n inicial hasta la entrega llave en mano. Con un enfoque en la calidad y atenci\u00f3n a los detalles, nos esforzamos por superar tus expectativas en cada proyecto. Nuestro equipo de expertos [&hellip;]<\/p>\n","protected":false},"author":1,"featured_media":0,"parent":0,"menu_order":0,"comment_status":"closed","ping_status":"closed","template":"","meta":{"footnotes":""},"class_list":["post-22","page","type-page","status-publish","hentry"],"_links":{"self":[{"href":"https:\/\/construseovi.es\/index.php\/wp-json\/wp\/v2\/pages\/22","targetHints":{"allow":["GET"]}}],"collection":[{"href":"https:\/\/construseovi.es\/index.php\/wp-json\/wp\/v2\/pages"}],"about":[{"href":"https:\/\/construseovi.es\/index.php\/wp-json\/wp\/v2\/types\/page"}],"author":[{"embeddable":true,"href":"https:\/\/construseovi.es\/index.php\/wp-json\/wp\/v2\/users\/1"}],"replies":[{"embeddable":true,"href":"https:\/\/construseovi.es\/index.php\/wp-json\/wp\/v2\/comments?post=22"}],"version-history":[{"count":25,"href":"https:\/\/construseovi.es\/index.php\/wp-json\/wp\/v2\/pages\/22\/revisions"}],"predecessor-version":[{"id":201,"href":"https:\/\/construseovi.es\/index.php\/wp-json\/wp\/v2\/pages\/22\/revisions\/201"}],"wp:attachment":[{"href":"https:\/\/construseovi.es\/index.php\/wp-json\/wp\/v2\/media?parent=22"}],"curies":[{"name":"wp","href":"https:\/\/api.w.org\/{rel}","templated":true}]}}