{"id":7,"date":"2024-02-08T13:48:10","date_gmt":"2024-02-08T12:48:10","guid":{"rendered":"https:\/\/construseovi.es\/?page_id=7"},"modified":"2024-02-19T12:02:34","modified_gmt":"2024-02-19T11:02:34","slug":"inicio","status":"publish","type":"page","link":"https:\/\/construseovi.es\/","title":{"rendered":"Inicio"},"content":{"rendered":"\n<hr class=\"wp-block-separator has-css-opacity is-style-default\"\/>\n\n\n<div class=\"wp-block-image is-style-rounded\">\n<figure class=\"aligncenter size-full is-resized\"><img loading=\"lazy\" decoding=\"async\" width=\"750\" height=\"950\" src=\"https:\/\/construseovi.es\/wp-content\/uploads\/2024\/02\/portrait-ludwig-mies-van-der-rohe.jpg\" alt=\"\" class=\"wp-image-121\" style=\"width:150px;height:150px\"\/><\/figure>\n<\/div>\n\n\n<blockquote class=\"wp-block-quote has-text-align-center is-style-large is-layout-flow wp-block-quote-is-layout-flow\">\n<p>\u00abLa arquitectura es la voluntad de la \u00e9poca traducida a espacio.\u00bb<\/p>\n<cite>\u2014 Ludwig Mies van der Rohe<\/cite><\/blockquote>\n\n\n\n<hr class=\"wp-block-separator has-css-opacity is-style-default\"\/>\n\n\n\n<div class=\"wp-block-group alignfull has-text-color has-background\" style=\"color:#000000;background-color:#ffffff\"><div class=\"wp-block-group__inner-container is-layout-flow wp-block-group-is-layout-flow\">\n<p class=\"has-text-align-center has-small-font-size\" style=\"line-height:.9\"><strong>Ponte en contacto<\/strong><\/p>\n\n\n\n<h2 class=\"wp-block-heading has-text-align-center\" id=\"schedule-a-visit\" style=\"font-size:59px;line-height:1.15\"><strong>Programa una visita<\/strong><\/h2>\n\n\n\n<div class=\"wp-block-buttons is-horizontal is-content-justification-center is-layout-flex wp-container-core-buttons-is-layout-499968f5 wp-block-buttons-is-layout-flex\">\n<div class=\"wp-block-button has-custom-width wp-block-button__width-50\"><a class=\"wp-block-button__link has-text-color has-background wp-element-button\" href=\"https:\/\/construseovi.es\/index.php\/contacto\/\" style=\"border-radius:50px;color:#ffffff;background-color:#000000\">Cont\u00e1ctanos<\/a><\/div>\n<\/div>\n\n\n\n<div style=\"height:64px\" aria-hidden=\"true\" class=\"wp-block-spacer\"><\/div>\n\n\n\n<hr class=\"wp-block-separator has-css-opacity is-style-default\"\/>\n<\/div><\/div>\n\n\n\n<div class=\"wp-block-columns alignwide is-layout-flex wp-container-core-columns-is-layout-829b1d53 wp-block-columns-is-layout-flex\" style=\"margin-bottom:0\">\n<div class=\"wp-block-column has-luminous-vivid-amber-background-color has-text-color has-background has-link-color wp-elements-085e33442ff008f75ed489b4d90e9e35 is-layout-flow wp-block-column-is-layout-flow\" style=\"color:#000000;padding-top:2em;padding-right:2em;padding-bottom:2em;padding-left:2em\">\n<h2 class=\"wp-block-heading has-text-align-center\" id=\"single\" style=\"font-size:40px\">Servicios<\/h2>\n\n\n\n<hr class=\"wp-block-separator has-css-opacity is-style-wide\"\/>\n\n\n\n<figure class=\"wp-block-image size-full\"><img loading=\"lazy\" decoding=\"async\" width=\"810\" height=\"540\" src=\"https:\/\/construseovi.es\/wp-content\/uploads\/2024\/02\/planos-1.jpg\" alt=\"\" class=\"wp-image-127\"\/><\/figure>\n\n\n\n<hr class=\"wp-block-separator has-css-opacity is-style-wide\"\/>\n\n\n\n<p><p style=\"text-align:justify\">Descubre nuestra variedad de servicios de construcci\u00f3n dise\u00f1ados para transformar tus ideas en realidad. Desde proyectos residenciales hasta comerciales, ofrecemos soluciones integrales que destacan por su calidad y atenci\u00f3n al detalle. Conf\u00eda en nosotros para construir el futuro de tus espacios.<\/p><\/p>\n\n\n\n<div class=\"wp-block-buttons is-content-justification-center is-layout-flex wp-container-core-buttons-is-layout-16018d1d wp-block-buttons-is-layout-flex\">\n<div class=\"wp-block-button\"><a class=\"wp-block-button__link has-white-color has-black-background-color has-text-color has-background has-link-color wp-element-button\" href=\"https:\/\/construseovi.es\/index.php\/servicios\/\">Saber m\u00e1s<\/a><\/div>\n<\/div>\n<\/div>\n\n\n\n<div class=\"wp-block-column has-luminous-vivid-amber-background-color has-text-color has-background has-link-color wp-elements-fcc5e9c49e3b7b7017c8c850d3bd5b09 is-layout-flow wp-block-column-is-layout-flow\" style=\"color:#000000;padding-top:2em;padding-right:2em;padding-bottom:2em;padding-left:2em\">\n<h2 class=\"wp-block-heading has-text-align-center\" id=\"family\" style=\"font-size:40px\">Blog<\/h2>\n\n\n\n<hr class=\"wp-block-separator has-css-opacity is-style-wide\"\/>\n\n\n\n<figure class=\"wp-block-image size-full\"><img loading=\"lazy\" decoding=\"async\" width=\"810\" height=\"540\" src=\"https:\/\/construseovi.es\/wp-content\/uploads\/2024\/02\/blog-imagen-1.jpg\" alt=\"\" class=\"wp-image-128\"\/><\/figure>\n\n\n\n<hr class=\"wp-block-separator has-css-opacity is-style-wide\"\/>\n\n\n\n<p><p style=\"text-align:justify\">Explora nuestro blog donde compartimos experiencias, tendencias y conocimientos en el mundo de la construcci\u00f3n. Desde consejos pr\u00e1cticos sobre dise\u00f1o arquitect\u00f3nico hasta las \u00faltimas innovaciones en materiales de construcci\u00f3n, nuestro blog es tu fuente de inspiraci\u00f3n y conocimiento en la industria.<\/p><\/p>\n\n\n\n<div class=\"wp-block-buttons is-content-justification-center is-layout-flex wp-container-core-buttons-is-layout-16018d1d wp-block-buttons-is-layout-flex\">\n<div class=\"wp-block-button\"><a class=\"wp-block-button__link has-white-color has-black-background-color has-text-color has-background has-link-color wp-element-button\" href=\"https:\/\/construseovi.es\/index.php\/blog\/\">Saber m\u00e1s<\/a><\/div>\n<\/div>\n<\/div>\n\n\n\n<div class=\"wp-block-column has-luminous-vivid-amber-background-color has-text-color has-background has-link-color wp-elements-de779a4d6dcfceef45a5c8df2692a116 is-layout-flow wp-block-column-is-layout-flow\" style=\"color:#000000;padding-top:2em;padding-right:2em;padding-bottom:2em;padding-left:2em\">\n<h2 class=\"wp-block-heading has-text-align-center\" id=\"patron\" style=\"font-size:40px\"><strong>Nosotros<\/strong><\/h2>\n\n\n\n<hr class=\"wp-block-separator has-css-opacity is-style-wide\"\/>\n\n\n\n<figure class=\"wp-block-image size-full\"><img loading=\"lazy\" decoding=\"async\" width=\"810\" height=\"540\" src=\"https:\/\/construseovi.es\/wp-content\/uploads\/2024\/02\/nosotros.jpg\" alt=\"\" class=\"wp-image-125\"\/><\/figure>\n\n\n\n<hr class=\"wp-block-separator has-css-opacity is-style-wide\"\/>\n\n\n\n<p><p style=\"text-align:justify\">Conoce a nuestro equipo y descubre la pasi\u00f3n que nos impulsa a construir m\u00e1s que estructuras: construimos sue\u00f1os. Nuestra empresa se basa en valores de integridad, excelencia y compromiso con la satisfacci\u00f3n del cliente. Descubre por qu\u00e9 somos la elecci\u00f3n perfecta para tu pr\u00f3ximo proyecto de construcci\u00f3n.<\/p><\/p>\n\n\n\n<div class=\"wp-block-buttons is-content-justification-center is-layout-flex wp-container-core-buttons-is-layout-5e6b19ed wp-block-buttons-is-layout-flex\">\n<div class=\"wp-block-button\"><a class=\"wp-block-button__link has-white-color has-black-background-color has-text-color has-background has-link-color wp-element-button\" href=\"https:\/\/construseovi.es\/index.php\/nosotros\/\">Saber m\u00e1s<\/a><\/div>\n<\/div>\n<\/div>\n<\/div>\n\n\n\n<p> <\/p>\n","protected":false},"excerpt":{"rendered":"<p>\u00abLa arquitectura es la voluntad de la \u00e9poca traducida a espacio.\u00bb \u2014 Ludwig Mies van der Rohe Ponte en contacto Programa una visita Servicios Descubre nuestra variedad de servicios de construcci\u00f3n dise\u00f1ados para transformar tus ideas en realidad. Desde proyectos residenciales hasta comerciales, ofrecemos soluciones integrales que destacan por su calidad y atenci\u00f3n al detalle. [&hellip;]<\/p>\n","protected":false},"author":1,"featured_media":0,"parent":2,"menu_order":0,"comment_status":"closed","ping_status":"closed","template":"","meta":{"footnotes":""},"class_list":["post-7","page","type-page","status-publish","hentry"],"_links":{"self":[{"href":"https:\/\/construseovi.es\/index.php\/wp-json\/wp\/v2\/pages\/7","targetHints":{"allow":["GET"]}}],"collection":[{"href":"https:\/\/construseovi.es\/index.php\/wp-json\/wp\/v2\/pages"}],"about":[{"href":"https:\/\/construseovi.es\/index.php\/wp-json\/wp\/v2\/types\/page"}],"author":[{"embeddable":true,"href":"https:\/\/construseovi.es\/index.php\/wp-json\/wp\/v2\/users\/1"}],"replies":[{"embeddable":true,"href":"https:\/\/construseovi.es\/index.php\/wp-json\/wp\/v2\/comments?post=7"}],"version-history":[{"count":32,"href":"https:\/\/construseovi.es\/index.php\/wp-json\/wp\/v2\/pages\/7\/revisions"}],"predecessor-version":[{"id":246,"href":"https:\/\/construseovi.es\/index.php\/wp-json\/wp\/v2\/pages\/7\/revisions\/246"}],"up":[{"embeddable":true,"href":"https:\/\/construseovi.es\/index.php\/wp-json\/wp\/v2\/pages\/2"}],"wp:attachment":[{"href":"https:\/\/construseovi.es\/index.php\/wp-json\/wp\/v2\/media?parent=7"}],"curies":[{"name":"wp","href":"https:\/\/api.w.org\/{rel}","templated":true}]}}