{"id":9,"date":"2024-02-08T13:48:20","date_gmt":"2024-02-08T12:48:20","guid":{"rendered":"https:\/\/construseovi.es\/?page_id=9"},"modified":"2024-02-19T09:48:55","modified_gmt":"2024-02-19T08:48:55","slug":"nosotros","status":"publish","type":"page","link":"https:\/\/construseovi.es\/index.php\/nosotros\/","title":{"rendered":"Nosotros"},"content":{"rendered":"\n<div class=\"wp-block-group alignwide has-luminous-vivid-amber-background-color has-background\" style=\"padding-top:6vw;padding-right:6vw;padding-bottom:6vw;padding-left:6vw\"><div class=\"wp-block-group__inner-container is-layout-flow wp-block-group-is-layout-flow\">\n<div class=\"wp-block-group is-vertical is-nowrap is-layout-flex wp-container-core-group-is-layout-287ef9cb wp-block-group-is-layout-flex\" style=\"padding-right:0;padding-left:0\">\n<h6 class=\"wp-block-heading has-text-color\" id=\"ecosystem\" style=\"color:#000000;font-size:16px\">CON\u00d3CENOS<\/h6>\n\n\n\n<p class=\"has-text-color\" style=\"color:#000000;font-size:6vw;font-style:normal;font-weight:700;letter-spacing:0px;line-height:0.9;text-decoration:none;text-transform:none\">As\u00ed somos<\/p>\n<\/div>\n\n\n\n<div style=\"height:1vw\" aria-hidden=\"true\" class=\"wp-block-spacer\"><\/div>\n\n\n\n<div class=\"wp-block-group alignwide is-vertical is-nowrap is-layout-flex wp-container-core-group-is-layout-8171334d wp-block-group-is-layout-flex\" style=\"padding-top:0;padding-right:0;padding-bottom:0;padding-left:0\">\n<div class=\"wp-block-columns alignwide are-vertically-aligned-center is-layout-flex wp-container-core-columns-is-layout-2656d967 wp-block-columns-is-layout-flex\">\n<div class=\"wp-block-column is-vertically-aligned-center is-layout-flow wp-block-column-is-layout-flow\" style=\"flex-basis:49.83%\">\n<p class=\"has-black-color has-text-color has-link-color wp-elements-fb144f43e4f33e2acc684ee10c830ecc\" style=\"font-size:16px;text-align:justify\">En Construseovi, no solo construimos estructuras s\u00f3lidas, sino que tambi\u00e9n edificamos relaciones duraderas y un equipo comprometido. Desde nuestra fundaci\u00f3n, nos hemos guiado por un conjunto de valores que son la columna vertebral de todo lo que hacemos.<\/p>\n\n\n\n<p class=\"has-black-color has-text-color has-link-color wp-elements-8453f026b95808b6036a11c0ee472372\" style=\"font-size:16px;text-align:justify\"><strong>Compromiso con la Calidad:<\/strong> En Construseovi, la calidad es nuestra principal prioridad. Cada proyecto que emprendemos se ejecuta con la m\u00e1s alta precisi\u00f3n y atenci\u00f3n al detalle. Nos esforzamos por superar las expectativas, garantizando que cada estructura que construimos sea un testimonio de nuestra dedicaci\u00f3n a la excelencia.<\/p>\n\n\n\n<p class=\"has-black-color has-text-color has-link-color wp-elements-52b286d375dd519c627a20c20ac391b6\" style=\"font-size:16px;text-align:justify\"><strong>Integridad en Cada Acci\u00f3n:<\/strong> La integridad es el cimiento de nuestra empresa. Nos comprometemos a actuar con honestidad y transparencia en todas nuestras operaciones. Creemos en construir relaciones basadas en la confianza mutua, tanto con nuestros clientes como con nuestros colaboradores.<\/p>\n\n\n\n<p class=\"has-black-color has-text-color has-link-color wp-elements-cc3b353f89ec7cd1f880c160e30d6f38\" style=\"font-size:16px;text-align:justify\"><strong>Trabajo en Equipo y Compa\u00f1erismo:<\/strong> En Construseovi, entendemos que el \u00e9xito no se logra solo. Fomentamos un ambiente de trabajo colaborativo donde cada miembro del equipo aporta sus habilidades \u00fanicas. Valoramos la diversidad de pensamiento y nos apoyamos mutuamente para alcanzar metas comunes.<\/p>\n<\/div>\n\n\n\n<div class=\"wp-block-column is-vertically-aligned-center is-layout-flow wp-block-column-is-layout-flow\" style=\"flex-basis:50.17%\">\n<figure class=\"wp-block-image size-full is-resized\"><img loading=\"lazy\" decoding=\"async\" width=\"351\" height=\"626\" src=\"https:\/\/construseovi.es\/wp-content\/uploads\/2024\/02\/equipo-trabajadores-construccion-ponen-cascos-seguridad-colaborar-proyectos-ingenieria-vertical-mobi.jpg\" alt=\"\" class=\"wp-image-147\" style=\"width:443px;height:auto\"\/><\/figure>\n<\/div>\n<\/div>\n\n\n\n<div class=\"wp-block-columns is-layout-flex wp-container-core-columns-is-layout-9d6595d7 wp-block-columns-is-layout-flex\">\n<div class=\"wp-block-column is-vertically-aligned-center is-layout-flow wp-block-column-is-layout-flow\">\n<figure class=\"wp-block-image size-full is-style-default\"><img loading=\"lazy\" decoding=\"async\" width=\"626\" height=\"626\" src=\"https:\/\/construseovi.es\/wp-content\/uploads\/2024\/02\/imagenes-construccion-casco-sombrero_796580-337.jpg\" alt=\"\" class=\"wp-image-150\"\/><\/figure>\n<\/div>\n\n\n\n<div class=\"wp-block-column is-layout-flow wp-block-column-is-layout-flow\">\n<p class=\"has-black-color has-text-color has-link-color wp-elements-2f57a082b08bae6c36de20e6907212da\" style=\"font-size:16px;text-align:justify\"><strong>Innovaci\u00f3n y Adaptabilidad:<\/strong> El mundo de la construcci\u00f3n est\u00e1 en constante evoluci\u00f3n, y en Construseovi abrazamos el cambio. Buscamos continuamente nuevas formas de mejorar y adoptamos tecnolog\u00edas innovadoras para ofrecer soluciones creativas y eficientes.<\/p>\n\n\n\n<p class=\"has-black-color has-text-color has-link-color wp-elements-b182c0aa6f4a6dfa15aafeadd1f6c71e\" style=\"font-size:16px;text-align:justify\"><strong>Compromiso Social y Ambiental:<\/strong> Somos conscientes de nuestro impacto en la comunidad y el medio ambiente. En Construseovi, nos esforzamos por contribuir de manera positiva a las comunidades en las que trabajamos. Desde pr\u00e1cticas sostenibles hasta programas de responsabilidad social, buscamos dejar una huella positiva en cada proyecto.<\/p>\n\n\n\n<p class=\"has-black-color has-text-color has-link-color wp-elements-a171ffd189544cb9bf2dd37fd6cd161b\" style=\"font-size:16px;text-align:justify\"><strong>Nuestro Equipo:<\/strong> Detr\u00e1s de cada logro de Construseovi se encuentra un equipo apasionado y dedicado. Nuestros profesionales altamente capacitados y comprometidos son el coraz\u00f3n de nuestra empresa. Juntos, creamos un entorno donde cada individuo puede prosperar y alcanzar su m\u00e1ximo potencial.<\/p>\n\n\n\n<p class=\"has-black-color has-text-color has-link-color wp-elements-b2562db25f16e909c674e92dd34b9f03\" style=\"font-size:16px;text-align:justify\">En Construseovi, no solo construimos edificios; construimos un legado de confianza, calidad y compromiso. \u00danete a nosotros en este viaje mientras construimos el futuro, un proyecto a la vez.<\/p>\n<\/div>\n<\/div>\n<\/div>\n<\/div><\/div>\n","protected":false},"excerpt":{"rendered":"<p>CON\u00d3CENOS As\u00ed somos En Construseovi, no solo construimos estructuras s\u00f3lidas, sino que tambi\u00e9n edificamos relaciones duraderas y un equipo comprometido. Desde nuestra fundaci\u00f3n, nos hemos guiado por un conjunto de valores que son la columna vertebral de todo lo que hacemos. Compromiso con la Calidad: En Construseovi, la calidad es nuestra principal prioridad. Cada proyecto [&hellip;]<\/p>\n","protected":false},"author":1,"featured_media":0,"parent":0,"menu_order":0,"comment_status":"closed","ping_status":"closed","template":"","meta":{"footnotes":""},"class_list":["post-9","page","type-page","status-publish","hentry"],"_links":{"self":[{"href":"https:\/\/construseovi.es\/index.php\/wp-json\/wp\/v2\/pages\/9","targetHints":{"allow":["GET"]}}],"collection":[{"href":"https:\/\/construseovi.es\/index.php\/wp-json\/wp\/v2\/pages"}],"about":[{"href":"https:\/\/construseovi.es\/index.php\/wp-json\/wp\/v2\/types\/page"}],"author":[{"embeddable":true,"href":"https:\/\/construseovi.es\/index.php\/wp-json\/wp\/v2\/users\/1"}],"replies":[{"embeddable":true,"href":"https:\/\/construseovi.es\/index.php\/wp-json\/wp\/v2\/comments?post=9"}],"version-history":[{"count":15,"href":"https:\/\/construseovi.es\/index.php\/wp-json\/wp\/v2\/pages\/9\/revisions"}],"predecessor-version":[{"id":211,"href":"https:\/\/construseovi.es\/index.php\/wp-json\/wp\/v2\/pages\/9\/revisions\/211"}],"wp:attachment":[{"href":"https:\/\/construseovi.es\/index.php\/wp-json\/wp\/v2\/media?parent=9"}],"curies":[{"name":"wp","href":"https:\/\/api.w.org\/{rel}","templated":true}]}}